{"id":8,"date":"2026-02-05T21:43:31","date_gmt":"2026-02-05T20:43:31","guid":{"rendered":"http:\/\/yogaart-chemnitz.de\/?page_id=8"},"modified":"2026-02-05T21:43:37","modified_gmt":"2026-02-05T20:43:37","slug":"startseite","status":"publish","type":"page","link":"https:\/\/yogaart-chemnitz.de\/","title":{"rendered":"Willkommen"},"content":{"rendered":"\n<p><\/p>\n\n\n<p>YogaArt Chemnitz ist eine Oase am Stadtrand von Chemnitz &#8211; Ebersdorf. Hier befindet sich ein ganz besonderer Yogaraum auf dem Bauernhof, gebaut aus nat\u00fcrlichen Materialien, mitten in der Natur. Du kannst Yoga auf der Matte, schwebend im Aerialyogatuch oder mit dem Yogawheel \u00fcben. Bei sch\u00f6nem Wetter finden die Kurse auf unserer gro\u00dfen Terrasse unter freiem Himmel statt. Es wird ein Fest f\u00fcr alle Sinne.<\/p>\n<p>Alles ist m\u00f6glich, in nur 10 Autominuten von der Chemnitzer City, f\u00fcnf Autominuten von der Autobahn Chemnitz Ost entfernt.<\/p>","protected":false},"excerpt":{"rendered":"<p>YogaArt Chemnitz ist eine Oase am Stadtrand von Chemnitz &#8211; Ebersdorf. Hier befindet sich ein ganz besonderer Yogaraum auf dem Bauernhof, gebaut aus nat\u00fcrlichen Materialien, mitten in der Natur. Du kannst Yoga auf der Matte, schwebend im Aerialyogatuch oder mit dem Yogawheel \u00fcben. Bei sch\u00f6nem Wetter finden die Kurse auf unserer gro\u00dfen Terrasse unter freiem &hellip; <\/p>\n<p class=\"link-more\"><a href=\"https:\/\/yogaart-chemnitz.de\/\" class=\"more-link\"><span class=\"screen-reader-text\">\u201eWillkommen\u201c<\/span> weiterlesen<\/a><\/p>\n","protected":false},"author":3,"featured_media":0,"parent":0,"menu_order":0,"comment_status":"closed","ping_status":"closed","template":"","meta":{"ngg_post_thumbnail":0,"footnotes":""},"yoast_head":"<!-- This site is optimized with the Yoast SEO plugin v22.8 - https:\/\/yoast.com\/wordpress\/plugins\/seo\/ -->\n<title>Willkommen - YogaArt - Dein Yogastudio in Chemnitz<\/title>\n<meta name=\"robots\" content=\"index, follow, max-snippet:-1, max-image-preview:large, max-video-preview:-1\" \/>\n<link rel=\"canonical\" href=\"https:\/\/yogaart-chemnitz.de\/\" \/>\n<meta property=\"og:locale\" content=\"de_DE\" \/>\n<meta property=\"og:type\" content=\"article\" \/>\n<meta property=\"og:title\" content=\"Willkommen - YogaArt - Dein Yogastudio in Chemnitz\" \/>\n<meta property=\"og:description\" content=\"YogaArt Chemnitz ist eine Oase am Stadtrand von Chemnitz &#8211; Ebersdorf. Hier befindet sich ein ganz besonderer Yogaraum auf dem Bauernhof, gebaut aus nat\u00fcrlichen Materialien, mitten in der Natur. Du kannst Yoga auf der Matte, schwebend im Aerialyogatuch oder mit dem Yogawheel \u00fcben. Bei sch\u00f6nem Wetter finden die Kurse auf unserer gro\u00dfen Terrasse unter freiem &hellip; \u201eWillkommen\u201c weiterlesen\" \/>\n<meta property=\"og:url\" content=\"https:\/\/yogaart-chemnitz.de\/\" \/>\n<meta property=\"og:site_name\" content=\"YogaArt - Dein Yogastudio in Chemnitz\" \/>\n<meta property=\"article:publisher\" content=\"https:\/\/www.facebook.de\/yogaart-chemnitz\" \/>\n<meta property=\"article:modified_time\" content=\"2026-02-05T20:43:37+00:00\" \/>\n<meta name=\"twitter:card\" content=\"summary_large_image\" \/>\n<meta name=\"twitter:label1\" content=\"Gesch\u00e4tzte Lesezeit\" \/>\n\t<meta name=\"twitter:data1\" content=\"1 Minute\" \/>\n<script type=\"application\/ld+json\" class=\"yoast-schema-graph\">{\"@context\":\"https:\/\/schema.org\",\"@graph\":[{\"@type\":\"WebPage\",\"@id\":\"https:\/\/yogaart-chemnitz.de\/\",\"url\":\"https:\/\/yogaart-chemnitz.de\/\",\"name\":\"Willkommen - YogaArt - Dein Yogastudio in Chemnitz\",\"isPartOf\":{\"@id\":\"https:\/\/yogaart-chemnitz.de\/#website\"},\"datePublished\":\"2026-02-05T20:43:31+00:00\",\"dateModified\":\"2026-02-05T20:43:37+00:00\",\"breadcrumb\":{\"@id\":\"https:\/\/yogaart-chemnitz.de\/#breadcrumb\"},\"inLanguage\":\"de-DE\",\"potentialAction\":[{\"@type\":\"ReadAction\",\"target\":[\"https:\/\/yogaart-chemnitz.de\/\"]}]},{\"@type\":\"BreadcrumbList\",\"@id\":\"https:\/\/yogaart-chemnitz.de\/#breadcrumb\",\"itemListElement\":[{\"@type\":\"ListItem\",\"position\":1,\"name\":\"Home\",\"item\":\"https:\/\/yogaart-chemnitz.de\/\"},{\"@type\":\"ListItem\",\"position\":2,\"name\":\"Willkommen\"}]},{\"@type\":\"WebSite\",\"@id\":\"https:\/\/yogaart-chemnitz.de\/#website\",\"url\":\"https:\/\/yogaart-chemnitz.de\/\",\"name\":\"YogaArt - Dein Yogastudio in Chemnitz\",\"description\":\"\",\"publisher\":{\"@id\":\"https:\/\/yogaart-chemnitz.de\/#organization\"},\"potentialAction\":[{\"@type\":\"SearchAction\",\"target\":{\"@type\":\"EntryPoint\",\"urlTemplate\":\"https:\/\/yogaart-chemnitz.de\/?s={search_term_string}\"},\"query-input\":\"required name=search_term_string\"}],\"inLanguage\":\"de-DE\"},{\"@type\":\"Organization\",\"@id\":\"https:\/\/yogaart-chemnitz.de\/#organization\",\"name\":\"YogaArt - Dein Yogastudio in Chemnitz\",\"url\":\"https:\/\/yogaart-chemnitz.de\/\",\"logo\":{\"@type\":\"ImageObject\",\"inLanguage\":\"de-DE\",\"@id\":\"https:\/\/yogaart-chemnitz.de\/#\/schema\/logo\/image\/\",\"url\":\"https:\/\/yogaart-chemnitz.de\/wp-content\/uploads\/2023\/03\/Capture.png\",\"contentUrl\":\"https:\/\/yogaart-chemnitz.de\/wp-content\/uploads\/2023\/03\/Capture.png\",\"width\":480,\"height\":231,\"caption\":\"YogaArt - Dein Yogastudio in Chemnitz\"},\"image\":{\"@id\":\"https:\/\/yogaart-chemnitz.de\/#\/schema\/logo\/image\/\"},\"sameAs\":[\"https:\/\/www.facebook.de\/yogaart-chemnitz\",\"https:\/\/www.instagram.com\/yogaramona\"]}]}<\/script>\n<!-- \/ Yoast SEO plugin. -->","yoast_head_json":{"title":"Willkommen - YogaArt - Dein Yogastudio in Chemnitz","robots":{"index":"index","follow":"follow","max-snippet":"max-snippet:-1","max-image-preview":"max-image-preview:large","max-video-preview":"max-video-preview:-1"},"canonical":"https:\/\/yogaart-chemnitz.de\/","og_locale":"de_DE","og_type":"article","og_title":"Willkommen - YogaArt - Dein Yogastudio in Chemnitz","og_description":"YogaArt Chemnitz ist eine Oase am Stadtrand von Chemnitz &#8211; Ebersdorf. Hier befindet sich ein ganz besonderer Yogaraum auf dem Bauernhof, gebaut aus nat\u00fcrlichen Materialien, mitten in der Natur. Du kannst Yoga auf der Matte, schwebend im Aerialyogatuch oder mit dem Yogawheel \u00fcben. Bei sch\u00f6nem Wetter finden die Kurse auf unserer gro\u00dfen Terrasse unter freiem &hellip; \u201eWillkommen\u201c weiterlesen","og_url":"https:\/\/yogaart-chemnitz.de\/","og_site_name":"YogaArt - Dein Yogastudio in Chemnitz","article_publisher":"https:\/\/www.facebook.de\/yogaart-chemnitz","article_modified_time":"2026-02-05T20:43:37+00:00","twitter_card":"summary_large_image","twitter_misc":{"Gesch\u00e4tzte Lesezeit":"1 Minute"},"schema":{"@context":"https:\/\/schema.org","@graph":[{"@type":"WebPage","@id":"https:\/\/yogaart-chemnitz.de\/","url":"https:\/\/yogaart-chemnitz.de\/","name":"Willkommen - YogaArt - Dein Yogastudio in Chemnitz","isPartOf":{"@id":"https:\/\/yogaart-chemnitz.de\/#website"},"datePublished":"2026-02-05T20:43:31+00:00","dateModified":"2026-02-05T20:43:37+00:00","breadcrumb":{"@id":"https:\/\/yogaart-chemnitz.de\/#breadcrumb"},"inLanguage":"de-DE","potentialAction":[{"@type":"ReadAction","target":["https:\/\/yogaart-chemnitz.de\/"]}]},{"@type":"BreadcrumbList","@id":"https:\/\/yogaart-chemnitz.de\/#breadcrumb","itemListElement":[{"@type":"ListItem","position":1,"name":"Home","item":"https:\/\/yogaart-chemnitz.de\/"},{"@type":"ListItem","position":2,"name":"Willkommen"}]},{"@type":"WebSite","@id":"https:\/\/yogaart-chemnitz.de\/#website","url":"https:\/\/yogaart-chemnitz.de\/","name":"YogaArt - Dein Yogastudio in Chemnitz","description":"","publisher":{"@id":"https:\/\/yogaart-chemnitz.de\/#organization"},"potentialAction":[{"@type":"SearchAction","target":{"@type":"EntryPoint","urlTemplate":"https:\/\/yogaart-chemnitz.de\/?s={search_term_string}"},"query-input":"required name=search_term_string"}],"inLanguage":"de-DE"},{"@type":"Organization","@id":"https:\/\/yogaart-chemnitz.de\/#organization","name":"YogaArt - Dein Yogastudio in Chemnitz","url":"https:\/\/yogaart-chemnitz.de\/","logo":{"@type":"ImageObject","inLanguage":"de-DE","@id":"https:\/\/yogaart-chemnitz.de\/#\/schema\/logo\/image\/","url":"https:\/\/yogaart-chemnitz.de\/wp-content\/uploads\/2023\/03\/Capture.png","contentUrl":"https:\/\/yogaart-chemnitz.de\/wp-content\/uploads\/2023\/03\/Capture.png","width":480,"height":231,"caption":"YogaArt - Dein Yogastudio in Chemnitz"},"image":{"@id":"https:\/\/yogaart-chemnitz.de\/#\/schema\/logo\/image\/"},"sameAs":["https:\/\/www.facebook.de\/yogaart-chemnitz","https:\/\/www.instagram.com\/yogaramona"]}]}},"_links":{"self":[{"href":"https:\/\/yogaart-chemnitz.de\/index.php?rest_route=\/wp\/v2\/pages\/8"}],"collection":[{"href":"https:\/\/yogaart-chemnitz.de\/index.php?rest_route=\/wp\/v2\/pages"}],"about":[{"href":"https:\/\/yogaart-chemnitz.de\/index.php?rest_route=\/wp\/v2\/types\/page"}],"author":[{"embeddable":true,"href":"https:\/\/yogaart-chemnitz.de\/index.php?rest_route=\/wp\/v2\/users\/3"}],"replies":[{"embeddable":true,"href":"https:\/\/yogaart-chemnitz.de\/index.php?rest_route=%2Fwp%2Fv2%2Fcomments&post=8"}],"version-history":[{"count":25,"href":"https:\/\/yogaart-chemnitz.de\/index.php?rest_route=\/wp\/v2\/pages\/8\/revisions"}],"predecessor-version":[{"id":867,"href":"https:\/\/yogaart-chemnitz.de\/index.php?rest_route=\/wp\/v2\/pages\/8\/revisions\/867"}],"wp:attachment":[{"href":"https:\/\/yogaart-chemnitz.de\/index.php?rest_route=%2Fwp%2Fv2%2Fmedia&parent=8"}],"curies":[{"name":"wp","href":"https:\/\/api.w.org\/{rel}","templated":true}]}}