{"id":127,"date":"2020-02-22T14:30:00","date_gmt":"2020-02-22T13:30:00","guid":{"rendered":"http:\/\/yogaart-chemnitz.de\/?page_id=127"},"modified":"2020-02-22T14:27:34","modified_gmt":"2020-02-22T13:27:34","slug":"impressum","status":"publish","type":"page","link":"https:\/\/yogaart-chemnitz.de\/?page_id=127","title":{"rendered":"Impressum"},"content":{"rendered":"<p>YogaArt Chemnitz<br \/>\nRamona M\u00f6bius<br \/>\nOrtelsdorfer Strasse 31<br \/>\nD-09131 Chemnitz<\/p>\n<p>Vertretungsberechtigter Gesch\u00e4ftsf\u00fchrer: Ramona M\u00f6bius<\/p>\n<p>Telefon: 0174 3054573<br \/>\nEMail: hello(at)yogaart-chemnitz.de<\/p>\n<p>Registergericht: Amtsgericht Chemnitz<br \/>\nRegisternummer: HRA 6431<\/p>\n<p>Umsatzsteuer-Identifikationsnummer gem. \u00a7 27a UStG: DE236591649<br \/>\nInhaltlich verantwortlich: Ramona M\u00f6bius (Anschrift siehe oben)<\/p>\n","protected":false},"excerpt":{"rendered":"<p>YogaArt Chemnitz Ramona M\u00f6bius Ortelsdorfer Strasse 31 D-09131 Chemnitz Vertretungsberechtigter Gesch\u00e4ftsf\u00fchrer: Ramona M\u00f6bius Telefon: 0174 3054573 EMail: hello(at)yogaart-chemnitz.de Registergericht: Amtsgericht Chemnitz Registernummer: HRA 6431 Umsatzsteuer-Identifikationsnummer gem. \u00a7 27a UStG: DE236591649 Inhaltlich verantwortlich: Ramona M\u00f6bius (Anschrift siehe oben)<\/p>\n","protected":false},"author":3,"featured_media":0,"parent":0,"menu_order":0,"comment_status":"closed","ping_status":"closed","template":"","meta":{"ngg_post_thumbnail":0,"footnotes":""},"yoast_head":"<!-- This site is optimized with the Yoast SEO plugin v22.8 - https:\/\/yoast.com\/wordpress\/plugins\/seo\/ -->\n<title>Impressum - YogaArt - Dein Yogastudio in Chemnitz<\/title>\n<meta name=\"robots\" content=\"index, follow, max-snippet:-1, max-image-preview:large, max-video-preview:-1\" \/>\n<link rel=\"canonical\" href=\"https:\/\/yogaart-chemnitz.de\/?page_id=127\" \/>\n<meta property=\"og:locale\" content=\"de_DE\" \/>\n<meta property=\"og:type\" content=\"article\" \/>\n<meta property=\"og:title\" content=\"Impressum - YogaArt - Dein Yogastudio in Chemnitz\" \/>\n<meta property=\"og:description\" content=\"YogaArt Chemnitz Ramona M\u00f6bius Ortelsdorfer Strasse 31 D-09131 Chemnitz Vertretungsberechtigter Gesch\u00e4ftsf\u00fchrer: Ramona M\u00f6bius Telefon: 0174 3054573 EMail: hello(at)yogaart-chemnitz.de Registergericht: Amtsgericht Chemnitz Registernummer: HRA 6431 Umsatzsteuer-Identifikationsnummer gem. \u00a7 27a UStG: DE236591649 Inhaltlich verantwortlich: Ramona M\u00f6bius (Anschrift siehe oben)\" \/>\n<meta property=\"og:url\" content=\"https:\/\/yogaart-chemnitz.de\/?page_id=127\" \/>\n<meta property=\"og:site_name\" content=\"YogaArt - Dein Yogastudio in Chemnitz\" \/>\n<meta property=\"article:publisher\" content=\"https:\/\/www.facebook.de\/yogaart-chemnitz\" \/>\n<meta property=\"article:modified_time\" content=\"2020-02-22T13:27:34+00:00\" \/>\n<meta name=\"twitter:card\" content=\"summary_large_image\" \/>\n<script type=\"application\/ld+json\" class=\"yoast-schema-graph\">{\"@context\":\"https:\/\/schema.org\",\"@graph\":[{\"@type\":\"WebPage\",\"@id\":\"https:\/\/yogaart-chemnitz.de\/?page_id=127\",\"url\":\"https:\/\/yogaart-chemnitz.de\/?page_id=127\",\"name\":\"Impressum - YogaArt - Dein Yogastudio in Chemnitz\",\"isPartOf\":{\"@id\":\"https:\/\/yogaart-chemnitz.de\/#website\"},\"datePublished\":\"2020-02-22T13:30:00+00:00\",\"dateModified\":\"2020-02-22T13:27:34+00:00\",\"breadcrumb\":{\"@id\":\"https:\/\/yogaart-chemnitz.de\/?page_id=127#breadcrumb\"},\"inLanguage\":\"de-DE\",\"potentialAction\":[{\"@type\":\"ReadAction\",\"target\":[\"https:\/\/yogaart-chemnitz.de\/?page_id=127\"]}]},{\"@type\":\"BreadcrumbList\",\"@id\":\"https:\/\/yogaart-chemnitz.de\/?page_id=127#breadcrumb\",\"itemListElement\":[{\"@type\":\"ListItem\",\"position\":1,\"name\":\"Home\",\"item\":\"https:\/\/yogaart-chemnitz.de\/\"},{\"@type\":\"ListItem\",\"position\":2,\"name\":\"Impressum\"}]},{\"@type\":\"WebSite\",\"@id\":\"https:\/\/yogaart-chemnitz.de\/#website\",\"url\":\"https:\/\/yogaart-chemnitz.de\/\",\"name\":\"YogaArt - Dein Yogastudio in Chemnitz\",\"description\":\"\",\"publisher\":{\"@id\":\"https:\/\/yogaart-chemnitz.de\/#organization\"},\"potentialAction\":[{\"@type\":\"SearchAction\",\"target\":{\"@type\":\"EntryPoint\",\"urlTemplate\":\"https:\/\/yogaart-chemnitz.de\/?s={search_term_string}\"},\"query-input\":\"required name=search_term_string\"}],\"inLanguage\":\"de-DE\"},{\"@type\":\"Organization\",\"@id\":\"https:\/\/yogaart-chemnitz.de\/#organization\",\"name\":\"YogaArt - Dein Yogastudio in Chemnitz\",\"url\":\"https:\/\/yogaart-chemnitz.de\/\",\"logo\":{\"@type\":\"ImageObject\",\"inLanguage\":\"de-DE\",\"@id\":\"https:\/\/yogaart-chemnitz.de\/#\/schema\/logo\/image\/\",\"url\":\"https:\/\/yogaart-chemnitz.de\/wp-content\/uploads\/2023\/03\/Capture.png\",\"contentUrl\":\"https:\/\/yogaart-chemnitz.de\/wp-content\/uploads\/2023\/03\/Capture.png\",\"width\":480,\"height\":231,\"caption\":\"YogaArt - Dein Yogastudio in Chemnitz\"},\"image\":{\"@id\":\"https:\/\/yogaart-chemnitz.de\/#\/schema\/logo\/image\/\"},\"sameAs\":[\"https:\/\/www.facebook.de\/yogaart-chemnitz\",\"https:\/\/www.instagram.com\/yogaramona\"]}]}<\/script>\n<!-- \/ Yoast SEO plugin. -->","yoast_head_json":{"title":"Impressum - YogaArt - Dein Yogastudio in Chemnitz","robots":{"index":"index","follow":"follow","max-snippet":"max-snippet:-1","max-image-preview":"max-image-preview:large","max-video-preview":"max-video-preview:-1"},"canonical":"https:\/\/yogaart-chemnitz.de\/?page_id=127","og_locale":"de_DE","og_type":"article","og_title":"Impressum - YogaArt - Dein Yogastudio in Chemnitz","og_description":"YogaArt Chemnitz Ramona M\u00f6bius Ortelsdorfer Strasse 31 D-09131 Chemnitz Vertretungsberechtigter Gesch\u00e4ftsf\u00fchrer: Ramona M\u00f6bius Telefon: 0174 3054573 EMail: hello(at)yogaart-chemnitz.de Registergericht: Amtsgericht Chemnitz Registernummer: HRA 6431 Umsatzsteuer-Identifikationsnummer gem. \u00a7 27a UStG: DE236591649 Inhaltlich verantwortlich: Ramona M\u00f6bius (Anschrift siehe oben)","og_url":"https:\/\/yogaart-chemnitz.de\/?page_id=127","og_site_name":"YogaArt - Dein Yogastudio in Chemnitz","article_publisher":"https:\/\/www.facebook.de\/yogaart-chemnitz","article_modified_time":"2020-02-22T13:27:34+00:00","twitter_card":"summary_large_image","schema":{"@context":"https:\/\/schema.org","@graph":[{"@type":"WebPage","@id":"https:\/\/yogaart-chemnitz.de\/?page_id=127","url":"https:\/\/yogaart-chemnitz.de\/?page_id=127","name":"Impressum - YogaArt - Dein Yogastudio in Chemnitz","isPartOf":{"@id":"https:\/\/yogaart-chemnitz.de\/#website"},"datePublished":"2020-02-22T13:30:00+00:00","dateModified":"2020-02-22T13:27:34+00:00","breadcrumb":{"@id":"https:\/\/yogaart-chemnitz.de\/?page_id=127#breadcrumb"},"inLanguage":"de-DE","potentialAction":[{"@type":"ReadAction","target":["https:\/\/yogaart-chemnitz.de\/?page_id=127"]}]},{"@type":"BreadcrumbList","@id":"https:\/\/yogaart-chemnitz.de\/?page_id=127#breadcrumb","itemListElement":[{"@type":"ListItem","position":1,"name":"Home","item":"https:\/\/yogaart-chemnitz.de\/"},{"@type":"ListItem","position":2,"name":"Impressum"}]},{"@type":"WebSite","@id":"https:\/\/yogaart-chemnitz.de\/#website","url":"https:\/\/yogaart-chemnitz.de\/","name":"YogaArt - Dein Yogastudio in Chemnitz","description":"","publisher":{"@id":"https:\/\/yogaart-chemnitz.de\/#organization"},"potentialAction":[{"@type":"SearchAction","target":{"@type":"EntryPoint","urlTemplate":"https:\/\/yogaart-chemnitz.de\/?s={search_term_string}"},"query-input":"required name=search_term_string"}],"inLanguage":"de-DE"},{"@type":"Organization","@id":"https:\/\/yogaart-chemnitz.de\/#organization","name":"YogaArt - Dein Yogastudio in Chemnitz","url":"https:\/\/yogaart-chemnitz.de\/","logo":{"@type":"ImageObject","inLanguage":"de-DE","@id":"https:\/\/yogaart-chemnitz.de\/#\/schema\/logo\/image\/","url":"https:\/\/yogaart-chemnitz.de\/wp-content\/uploads\/2023\/03\/Capture.png","contentUrl":"https:\/\/yogaart-chemnitz.de\/wp-content\/uploads\/2023\/03\/Capture.png","width":480,"height":231,"caption":"YogaArt - Dein Yogastudio in Chemnitz"},"image":{"@id":"https:\/\/yogaart-chemnitz.de\/#\/schema\/logo\/image\/"},"sameAs":["https:\/\/www.facebook.de\/yogaart-chemnitz","https:\/\/www.instagram.com\/yogaramona"]}]}},"_links":{"self":[{"href":"https:\/\/yogaart-chemnitz.de\/index.php?rest_route=\/wp\/v2\/pages\/127"}],"collection":[{"href":"https:\/\/yogaart-chemnitz.de\/index.php?rest_route=\/wp\/v2\/pages"}],"about":[{"href":"https:\/\/yogaart-chemnitz.de\/index.php?rest_route=\/wp\/v2\/types\/page"}],"author":[{"embeddable":true,"href":"https:\/\/yogaart-chemnitz.de\/index.php?rest_route=\/wp\/v2\/users\/3"}],"replies":[{"embeddable":true,"href":"https:\/\/yogaart-chemnitz.de\/index.php?rest_route=%2Fwp%2Fv2%2Fcomments&post=127"}],"version-history":[{"count":4,"href":"https:\/\/yogaart-chemnitz.de\/index.php?rest_route=\/wp\/v2\/pages\/127\/revisions"}],"predecessor-version":[{"id":631,"href":"https:\/\/yogaart-chemnitz.de\/index.php?rest_route=\/wp\/v2\/pages\/127\/revisions\/631"}],"wp:attachment":[{"href":"https:\/\/yogaart-chemnitz.de\/index.php?rest_route=%2Fwp%2Fv2%2Fmedia&parent=127"}],"curies":[{"name":"wp","href":"https:\/\/api.w.org\/{rel}","templated":true}]}}